{"id":20252,"date":"2024-11-07T21:06:42","date_gmt":"2024-11-07T20:06:42","guid":{"rendered":"https:\/\/mamemi.it\/?page_id=20252"},"modified":"2024-11-07T21:11:20","modified_gmt":"2024-11-07T20:11:20","slug":"terms-and-conditions","status":"publish","type":"page","link":"https:\/\/mamemi.it\/it\/terms-and-conditions\/","title":{"rendered":"Termini e condizioni"},"content":{"rendered":"<p class=\"has-white-color has-text-color has-link-color wp-elements-ff6f68026b67b01fd4544d04d0998073\">I presenti termini e condizioni (\"Termini\") regolano l'utilizzo del sito web Mamemi.it, compresi tutti i corsi, i workshop e i servizi da noi offerti (collettivamente denominati \"Servizi\"). Utilizzando i nostri Servizi o accedendo al nostro sito web, l'utente accetta di essere vincolato da questi Termini.<\/p>\n\n\n\n<p class=\"has-white-color has-text-color has-link-color wp-elements-6229b30f2f7b77ed4134aa55db4e312e\"><strong>1. Definizioni<\/strong><\/p>\n\n\n\n<ul class=\"wp-block-list has-white-color has-text-color has-link-color wp-elements-b29968c1007fc21bd44da9becb9057d1\">\n<li>\"Mamemi.it\" si riferisce al presente sito web e ai relativi servizi.<\/li>\n\n\n\n<li>\"Utente\" o \"Utente\" indica la persona fisica o giuridica che utilizza i Servizi di Mamemi.it.<\/li>\n\n\n\n<li>\"Corso\" o \"Workshop\" si riferisce a uno specifico programma educativo offerto attraverso la nostra piattaforma, compresi corsi online, workshop di persona e altre esperienze di apprendimento.<\/li>\n<\/ul>\n\n\n\n<p class=\"has-white-color has-text-color has-link-color wp-elements-c8463febb84a92f81d4ba8dba1f8b054\"><strong>2. Utilizzo dei servizi<\/strong><\/p>\n\n\n\n<ul class=\"wp-block-list has-white-color has-text-color has-link-color wp-elements-0c72a34ad6ea2c68b02a059b6e1c7345\">\n<li>Per utilizzare i Servizi di Mamemi.it \u00e8 necessario avere almeno 18 anni (o la maggiore et\u00e0 nella propria giurisdizione).<\/li>\n\n\n\n<li>L'utente \u00e8 responsabile del mantenimento della riservatezza delle informazioni sul proprio account e della password.<\/li>\n\n\n\n<li>L'utente accetta di non condividere o trasferire il proprio account con nessun altro, n\u00e9 di consentire ad altri di accedere ai nostri Servizi utilizzando il proprio account.<\/li>\n<\/ul>\n\n\n\n<p class=\"has-white-color has-text-color has-link-color wp-elements-1a22631d30fe2211f287547293266406\"><strong>3. Condizioni di pagamento<\/strong><\/p>\n\n\n\n<ul class=\"wp-block-list has-white-color has-text-color has-link-color wp-elements-8b40f50922618cd170b37cbe5379e2ba\">\n<li>Tutti i pagamenti effettuati tramite Mamemi.it non sono rimborsabili se non diversamente indicato nelle presenti Condizioni o come previsto dalla legge.<\/li>\n\n\n\n<li>Ci riserviamo il diritto di modificare i prezzi e le condizioni di pagamento in qualsiasi momento e senza preavviso.<\/li>\n<\/ul>\n\n\n\n<p class=\"has-white-color has-text-color has-link-color wp-elements-ff4b4d151e07dc80a7f63bfb415aac99\"><strong>4. Politiche di cancellazione di corsi e workshop<\/strong><\/p>\n\n\n\n<ul class=\"wp-block-list has-white-color has-text-color has-link-color wp-elements-59062654084ccdd6f9464eca27cff49c\">\n<li>Se l'iscrizione a un corso o a un workshop viene cancellata pi\u00f9 di [inserire numero] giorni prima della data di inizio, vi forniremo un rimborso completo meno una tassa di elaborazione di [inserire importo].<\/li>\n\n\n\n<li>Se la cancellazione avviene entro [inserire numero] giorni dalla data di inizio, non \u00e8 previsto alcun rimborso.<\/li>\n\n\n\n<li>Ci riserviamo il diritto di cancellare qualsiasi corso o workshop in qualsiasi momento. In tal caso, provvederemo a un rimborso completo.<\/li>\n<\/ul>\n\n\n\n<p class=\"has-white-color has-text-color has-link-color wp-elements-b3b253385c75fda917cf191d1d461b51\"><strong>5. Propriet\u00e0 intellettuale<\/strong><\/p>\n\n\n\n<ul class=\"wp-block-list has-white-color has-text-color has-link-color wp-elements-b412ca0c5c516c51dc4250ae150b9373\">\n<li>Tutti i contenuti del sito e dei Servizi di Mamemi.it sono di nostra propriet\u00e0 o dei nostri licenziatari.<\/li>\n\n\n\n<li>L'utente accetta di non riprodurre, modificare, distribuire o creare opere derivate basate sul contenuto senza il nostro preventivo consenso scritto.<\/li>\n<\/ul>\n\n\n\n<p class=\"has-white-color has-text-color has-link-color wp-elements-3dabc1d41bbf03fdb50cd334127774be\"><strong>6. Esclusione di garanzia<\/strong><\/p>\n\n\n\n<ul class=\"wp-block-list has-white-color has-text-color has-link-color wp-elements-552d1e9ffa4734db98c4f7b2620b4b4c\">\n<li>Decliniamo tutte le garanzie, espresse o implicite, incluse, a titolo esemplificativo, l'idoneit\u00e0 per uno scopo particolare, la commerciabilit\u00e0 e la non violazione dei diritti di propriet\u00e0 intellettuale.<\/li>\n\n\n\n<li>L'utente utilizza i Servizi di Mamemi.it a proprio rischio e pericolo.<\/li>\n<\/ul>\n\n\n\n<p class=\"has-white-color has-text-color has-link-color wp-elements-19daf1bd2e94b211c94e13cafdbeb82f\"><strong>7. Limitazione di responsabilit\u00e0<\/strong><\/p>\n\n\n\n<ul class=\"wp-block-list has-white-color has-text-color has-link-color wp-elements-e68e6589d22f317e22d2e7447eea6521\">\n<li>In nessun caso saremo responsabili per eventuali danni (inclusi, a titolo esemplificativo ma non esaustivo, danni incidentali, consequenziali o punitivi) derivanti dall'uso dei nostri Servizi, anche se siamo stati avvisati della possibilit\u00e0 di tali danni.<\/li>\n\n\n\n<li>La nostra responsabilit\u00e0 \u00e8 limitata all'importo pagato dall'utente per il Servizio specifico che ha causato il presunto danno.<\/li>\n<\/ul>\n\n\n\n<p class=\"has-white-color has-text-color has-link-color wp-elements-ed68e04e2168bc597f46325affe9c09d\"><strong>8. Legge applicabile<\/strong><\/p>\n\n\n\n<ul class=\"wp-block-list has-white-color has-text-color has-link-color wp-elements-0f4a358c26d88aa96aca641a89df59b2\">\n<li>Le presenti Condizioni saranno disciplinate e interpretate in conformit\u00e0 alla legge di [inserire la giurisdizione].<\/li>\n<\/ul>\n\n\n\n<p class=\"has-white-color has-text-color has-link-color wp-elements-17193b9599f797503eea33b9b503ac89\"><strong>9. Intero accordo<\/strong><\/p>\n\n\n\n<ul class=\"wp-block-list has-white-color has-text-color has-link-color wp-elements-ee86dad665cb8a1fc70659c5c10f9118\">\n<li>Le presenti Condizioni costituiscono l'intero accordo tra noi e sostituiscono tutti gli accordi precedenti o contemporanei, sia scritti che orali.<\/li>\n<\/ul>\n\n\n\n<p class=\"has-white-color has-text-color has-link-color wp-elements-36fd3bac360a93d67ad5186c757d9c99\"><strong>10. Modifiche dei termini<\/strong><\/p>\n\n\n\n<ul class=\"wp-block-list has-white-color has-text-color has-link-color wp-elements-0dda2e94eabfe7b296760a8ed371a377\">\n<li>Ci riserviamo il diritto di modificare le presenti Condizioni in qualsiasi momento e senza preavviso.<\/li>\n\n\n\n<li>L'uso continuato dei nostri Servizi dopo l'introduzione di modifiche costituisce accettazione di tali modifiche.<\/li>\n<\/ul>\n\n\n\n<p class=\"has-white-color has-text-color has-link-color wp-elements-aadbdaae59041605faf189b036e373ee\">Utilizzando i Servizi di Mamemi.it, l'utente riconosce di aver letto e accettato di essere vincolato dai presenti Termini. Se non si accettano i presenti Termini, si prega di non utilizzare i nostri Servizi.<\/p>\n\n\n\n<p class=\"has-white-color has-text-color has-link-color wp-elements-f713b05faf1bb82b092f342ad80f72e5\"><strong>Contatto<\/strong><\/p>\n\n\n\n<p class=\"has-white-color has-text-color has-link-color wp-elements-ccd2438f176ade5a8f9583bfbbdc01e1\">In caso di domande o dubbi sui presenti Termini, si prega di contattarci:<\/p>\n\n\n\n<ul class=\"wp-block-list has-white-color has-text-color has-link-color wp-elements-63b7bd3919ca637e53f4a00ced353417\">\n<li>Email: info@mamemi.it<\/li>\n\n\n\n<li>Telefono: (39) 340 26 55 895<\/li>\n<\/ul>\n\n\n\n<p class=\"has-white-color has-text-color has-link-color wp-elements-fb4b00d287c56faca0e6df66b376330d\">Risponderemo alla vostra richiesta entro 5 giorni lavorativi.<\/p>\n\n\n\n<p><\/p>","protected":false},"excerpt":{"rendered":"<p>These terms and conditions (&#8220;Terms&#8221;) govern your use of the Mamemi.it website, including all courses, workshops, and services offered by us (collectively referred to as &#8220;Services&#8221;). By using our Services or accessing our website, you agree to be bound by these Terms. 1. Definitions 2. Use of Services 3. Payment Terms 4. Course and Workshop [&hellip;]<\/p>","protected":false},"author":2,"featured_media":0,"parent":0,"menu_order":0,"comment_status":"closed","ping_status":"closed","template":"","meta":{"footnotes":""},"class_list":["post-20252","page","type-page","status-publish","hentry"],"_links":{"self":[{"href":"https:\/\/mamemi.it\/it\/wp-json\/wp\/v2\/pages\/20252","targetHints":{"allow":["GET"]}}],"collection":[{"href":"https:\/\/mamemi.it\/it\/wp-json\/wp\/v2\/pages"}],"about":[{"href":"https:\/\/mamemi.it\/it\/wp-json\/wp\/v2\/types\/page"}],"author":[{"embeddable":true,"href":"https:\/\/mamemi.it\/it\/wp-json\/wp\/v2\/users\/2"}],"replies":[{"embeddable":true,"href":"https:\/\/mamemi.it\/it\/wp-json\/wp\/v2\/comments?post=20252"}],"version-history":[{"count":3,"href":"https:\/\/mamemi.it\/it\/wp-json\/wp\/v2\/pages\/20252\/revisions"}],"predecessor-version":[{"id":20256,"href":"https:\/\/mamemi.it\/it\/wp-json\/wp\/v2\/pages\/20252\/revisions\/20256"}],"wp:attachment":[{"href":"https:\/\/mamemi.it\/it\/wp-json\/wp\/v2\/media?parent=20252"}],"curies":[{"name":"wp","href":"https:\/\/api.w.org\/{rel}","templated":true}]}}